{"id":70,"date":"2020-02-10T22:49:22","date_gmt":"2020-02-10T22:49:22","guid":{"rendered":"http:\/\/s816601596.onlinehome.fr\/?page_id=70"},"modified":"2024-08-17T13:42:10","modified_gmt":"2024-08-17T13:42:10","slug":"contrat-farine","status":"publish","type":"page","link":"https:\/\/amapapou.fr\/?page_id=70","title":{"rendered":"Contrat farine"},"content":{"rendered":"<div class=\"wp-block-image is-style-circle-mask\">\n<figure class=\"alignleft\"><img loading=\"lazy\" decoding=\"async\" width=\"300\" height=\"181\" src=\"http:\/\/s816601596.onlinehome.fr\/wp-content\/uploads\/2020\/02\/farine2-300x181.png\" alt=\"\" class=\"wp-image-136\" srcset=\"https:\/\/amapapou.fr\/wp-content\/uploads\/2020\/02\/farine2-300x181.png 300w, https:\/\/amapapou.fr\/wp-content\/uploads\/2020\/02\/farine2-1024x616.png 1024w, https:\/\/amapapou.fr\/wp-content\/uploads\/2020\/02\/farine2-768x462.png 768w, https:\/\/amapapou.fr\/wp-content\/uploads\/2020\/02\/farine2.png 1027w\" sizes=\"auto, (max-width: 300px) 100vw, 300px\" \/><\/figure>\n<\/div>\n\n\n<h4 class=\"wp-block-heading\">&nbsp;<\/h4>\n\n\n\n<h3><span style=\"background-color: #ffffff; color: #0000ff;\"><span style=\"color: #000080;\">Les formules propos\u00e9es<\/span> <br><\/span><\/h3>\n\n\n\n<p class=\"has-cyan-bluish-gray-background-color has-background has-medium-font-size\">La formule \u00ab tour de meule \u00bb :&nbsp;<br>A chaque distribution une farine diff\u00e9rente choisie par le meunier, le but \u00e9tant de vous faire d\u00e9couvrir toutes les farines que nous produisons \u00e0 la ferme.<br>Nous produisons 9 farines diff\u00e9rentes, il y aura donc sur l\u2019ann\u00e9e 2 fois de la farine de bl\u00e9 T65 et 2 fois de la farine d\u2019\u00e9peautre oberkulmer.<\/p>\n\n\n\n<p class=\"has-cyan-bluish-gray-background-color has-background has-medium-font-size\">La formule \u00ab j\u2019ai trouv\u00e9 mon bonheur \u00bb : <br>A chaque livraison, vous \u00eates livr\u00e9 de la farine que vous avez choisie \u00e0 la souscription du contrat. L\u2019engagement minimum est d\u20191kg \/ mois mais vous avez la possibilit\u00e9 de panacher en choisissant 2 farines diff\u00e9rentes qui seront livr\u00e9es 1 fois sur 2 (mois A = 6 livraisons, mois B = 5 livraisons dans l\u2019ann\u00e9e)<br><br>Les formules sont cumulables et vous pouvez choisir le conditionnement : 1, 2 ou 5kg.<\/p>\n\n\n\n<h3><span style=\"color: #000080;\">Modalit\u00e9s de livraison<\/span><\/h3>\n\n\n\n<p class=\"has-cyan-bluish-gray-background-color has-background has-medium-font-size\">Il y aura 11 livraisons dans l\u2019ann\u00e9e. Les livraisons ont lieu la premi\u00e8re semaine de chaque mois aux m\u00eames horaires et lieu que la distribution de l\u00e9gumes.<\/p>\n\n\n\n<p class=\"has-cyan-bluish-gray-background-color has-background has-medium-font-size\">Par ailleurs, chaque contractant aura la possibilit\u00e9 de b\u00e9n\u00e9ficier d\u2019une livraison suppl\u00e9mentaire en d\u00e9cembre, gr\u00e2ce \u00e0 un avenant au contrat distribu\u00e9 au mois de novembre.<\/p>\n\n\n\n<p><\/p>\n","protected":false},"excerpt":{"rendered":"<p>&nbsp; Les formules propos\u00e9es La formule \u00ab tour de meule \u00bb :&nbsp;A chaque distribution une farine diff\u00e9rente choisie par le meunier, le but \u00e9tant de vous faire d\u00e9couvrir toutes les farines que nous produisons \u00e0 la ferme.Nous produisons 9 farines diff\u00e9rentes, il y aura donc&nbsp;<a class=\"read-more\" href=\"https:\/\/amapapou.fr\/?page_id=70\">&hellip;<\/a><\/p>\n","protected":false},"author":1,"featured_media":0,"parent":0,"menu_order":0,"comment_status":"closed","ping_status":"closed","template":"","meta":{"ngg_post_thumbnail":0,"footnotes":""},"class_list":["post-70","page","type-page","status-publish","hentry"],"_links":{"self":[{"href":"https:\/\/amapapou.fr\/index.php?rest_route=\/wp\/v2\/pages\/70","targetHints":{"allow":["GET"]}}],"collection":[{"href":"https:\/\/amapapou.fr\/index.php?rest_route=\/wp\/v2\/pages"}],"about":[{"href":"https:\/\/amapapou.fr\/index.php?rest_route=\/wp\/v2\/types\/page"}],"author":[{"embeddable":true,"href":"https:\/\/amapapou.fr\/index.php?rest_route=\/wp\/v2\/users\/1"}],"replies":[{"embeddable":true,"href":"https:\/\/amapapou.fr\/index.php?rest_route=%2Fwp%2Fv2%2Fcomments&post=70"}],"version-history":[{"count":33,"href":"https:\/\/amapapou.fr\/index.php?rest_route=\/wp\/v2\/pages\/70\/revisions"}],"predecessor-version":[{"id":1413,"href":"https:\/\/amapapou.fr\/index.php?rest_route=\/wp\/v2\/pages\/70\/revisions\/1413"}],"wp:attachment":[{"href":"https:\/\/amapapou.fr\/index.php?rest_route=%2Fwp%2Fv2%2Fmedia&parent=70"}],"curies":[{"name":"wp","href":"https:\/\/api.w.org\/{rel}","templated":true}]}}