{"id":68,"date":"2020-02-10T22:49:02","date_gmt":"2020-02-10T22:49:02","guid":{"rendered":"http:\/\/s816601596.onlinehome.fr\/?page_id=68"},"modified":"2024-08-17T13:42:56","modified_gmt":"2024-08-17T13:42:56","slug":"contrat-fromage-de-chevre","status":"publish","type":"page","link":"https:\/\/amapapou.fr\/?page_id=68","title":{"rendered":"Contrat fromage de ch\u00e8vre"},"content":{"rendered":"\n<h4 class=\"wp-block-heading\"><strong><span style=\"color: #339966;\">Composition du plateau de fromage<\/span><\/strong><\/h4>\n\n\n<div class=\"wp-block-image is-style-circle-mask\">\n<figure class=\"alignleft\"><img loading=\"lazy\" decoding=\"async\" width=\"300\" height=\"225\" src=\"https:\/\/amapapou.fr\/wp-content\/uploads\/2020\/02\/missa-2-300x225.png\" alt=\"\" class=\"wp-image-240\" srcset=\"https:\/\/amapapou.fr\/wp-content\/uploads\/2020\/02\/missa-2-300x225.png 300w, https:\/\/amapapou.fr\/wp-content\/uploads\/2020\/02\/missa-2-768x576.png 768w, https:\/\/amapapou.fr\/wp-content\/uploads\/2020\/02\/missa-2.png 1024w\" sizes=\"auto, (max-width: 300px) 100vw, 300px\" \/><\/figure>\n<\/div>\n\n\n<p class=\"has-pale-cyan-blue-background-color has-background has-medium-font-size\" style=\"background-color:#b4eed7\">Chaque mois, le plateau est compos\u00e9 de 3 ou 4 fromages en moyenne parmi les suivants&nbsp;: brique, pyramide, palet, b\u00fbche, crottin ou faisselle. <br><br>Un demi plateau est compos\u00e9 de 2 fromages &nbsp;On peut souscrire pour un ou plusieurs plateaux. On peut aussi partager un plateau avec un autre adh\u00e9rent ou adh\u00e9rente selon des modalit\u00e9s \u00e0 d\u00e9finir entre les cosignataires.<\/p>\n\n\n\n<h3>&nbsp;<\/h3>\n<h3><span style=\"color: #008000;\"><strong>Transport des glaci\u00e8res<\/strong><\/span><\/h3>\n\n\n<div class=\"wp-block-image is-style-circle-mask\">\n<figure class=\"alignleft\"><img loading=\"lazy\" decoding=\"async\" width=\"300\" height=\"225\" src=\"https:\/\/amapapou.fr\/wp-content\/uploads\/2020\/02\/missa-3-300x225.png\" alt=\"\" class=\"wp-image-467\" srcset=\"https:\/\/amapapou.fr\/wp-content\/uploads\/2020\/02\/missa-3-300x225.png 300w, https:\/\/amapapou.fr\/wp-content\/uploads\/2020\/02\/missa-3-768x576.png 768w, https:\/\/amapapou.fr\/wp-content\/uploads\/2020\/02\/missa-3.png 1024w\" sizes=\"auto, (max-width: 300px) 100vw, 300px\" \/><\/figure>\n<\/div>\n\n\n<p class=\"has-pale-cyan-blue-background-color has-background has-medium-font-size\" style=\"background-color:#b4eed7\">Le fromage est livr\u00e9 \u00e0 l&#8217;AMAP dans des glaci\u00e8res qui sont \u00e0 r\u00e9cup\u00e9rer \u00e0 la ferme \u00e0 tour de r\u00f4le par les adh\u00e9rents.<br>Les transports sont organis\u00e9s de fa\u00e7on concert\u00e9e entre les amapiens et amapiennes, les r\u00e9f\u00e9rents et la chevri\u00e8re.<br>Chaque adh\u00e9rent et adh\u00e9rente se doit donc d\u2019effectuer un aller ou un retour ou une distribution pendant la saison.<br>Les r\u00e9f\u00e9rents g\u00e8rent les inscriptions aux transports aller et retour via un tableau \u00e0 consulter le vendredi soir au local de distribution. <br>Aller chercher les glaci\u00e8res&nbsp;: vendredi apr\u00e8s-midi \u00e0 Macherin ( \u00e0 cot\u00e9 de Barbizon ), distance aller-retour environ 50 km.<br>Ramener les glaci\u00e8res \u00e0 la ch\u00e8vrerie le samedi ou le dimanche \u00e0 Jouy (89), pr\u00e8s d\u2019Egreville, aller-retour environ 150&nbsp;km.<\/p>\n\n\n\n<h3><strong><span style=\"color: #008000;\">Distributions<\/span><u><br><\/u><\/strong><\/h3>\n\n\n\n<p class=\"has-background has-medium-font-size\" style=\"background-color:#b4eed7\">8 &nbsp;distributions sont pr\u00e9vues par saison<\/p>\n\n\n\n<p><\/p>\n","protected":false},"excerpt":{"rendered":"<p>Composition du plateau de fromage Chaque mois, le plateau est compos\u00e9 de 3 ou 4 fromages en moyenne parmi les suivants&nbsp;: brique, pyramide, palet, b\u00fbche, crottin ou faisselle. Un demi plateau est compos\u00e9 de 2 fromages &nbsp;On peut souscrire pour un ou plusieurs plateaux. On&nbsp;<a class=\"read-more\" href=\"https:\/\/amapapou.fr\/?page_id=68\">&hellip;<\/a><\/p>\n","protected":false},"author":1,"featured_media":411,"parent":0,"menu_order":0,"comment_status":"closed","ping_status":"closed","template":"","meta":{"ngg_post_thumbnail":0,"footnotes":""},"class_list":["post-68","page","type-page","status-publish","has-post-thumbnail","hentry"],"_links":{"self":[{"href":"https:\/\/amapapou.fr\/index.php?rest_route=\/wp\/v2\/pages\/68","targetHints":{"allow":["GET"]}}],"collection":[{"href":"https:\/\/amapapou.fr\/index.php?rest_route=\/wp\/v2\/pages"}],"about":[{"href":"https:\/\/amapapou.fr\/index.php?rest_route=\/wp\/v2\/types\/page"}],"author":[{"embeddable":true,"href":"https:\/\/amapapou.fr\/index.php?rest_route=\/wp\/v2\/users\/1"}],"replies":[{"embeddable":true,"href":"https:\/\/amapapou.fr\/index.php?rest_route=%2Fwp%2Fv2%2Fcomments&post=68"}],"version-history":[{"count":72,"href":"https:\/\/amapapou.fr\/index.php?rest_route=\/wp\/v2\/pages\/68\/revisions"}],"predecessor-version":[{"id":1414,"href":"https:\/\/amapapou.fr\/index.php?rest_route=\/wp\/v2\/pages\/68\/revisions\/1414"}],"wp:featuredmedia":[{"embeddable":true,"href":"https:\/\/amapapou.fr\/index.php?rest_route=\/wp\/v2\/media\/411"}],"wp:attachment":[{"href":"https:\/\/amapapou.fr\/index.php?rest_route=%2Fwp%2Fv2%2Fmedia&parent=68"}],"curies":[{"name":"wp","href":"https:\/\/api.w.org\/{rel}","templated":true}]}}