{"id":66,"date":"2020-02-10T22:48:33","date_gmt":"2020-02-10T22:48:33","guid":{"rendered":"http:\/\/s816601596.onlinehome.fr\/?page_id=66"},"modified":"2024-08-17T13:43:36","modified_gmt":"2024-08-17T13:43:36","slug":"contrat-fromage-fromentellerie","status":"publish","type":"page","link":"https:\/\/amapapou.fr\/?page_id=66","title":{"rendered":"Contrat Produits laitiers La Fromentellerie"},"content":{"rendered":"\n\n<div class=\"wp-block-image is-style-circle-mask\">\n<figure class=\"alignleft is-resized\"><img loading=\"lazy\" decoding=\"async\" width=\"300\" height=\"225\" src=\"https:\/\/amapapou.fr\/wp-content\/uploads\/2020\/02\/fromentellerie1-300x225.jpg\" alt=\"\" class=\"wp-image-268\" style=\"width:371px;height:278px\" srcset=\"https:\/\/amapapou.fr\/wp-content\/uploads\/2020\/02\/fromentellerie1-300x225.jpg 300w, https:\/\/amapapou.fr\/wp-content\/uploads\/2020\/02\/fromentellerie1-1024x768.jpg 1024w, https:\/\/amapapou.fr\/wp-content\/uploads\/2020\/02\/fromentellerie1-768x576.jpg 768w, https:\/\/amapapou.fr\/wp-content\/uploads\/2020\/02\/fromentellerie1-1536x1152.jpg 1536w, https:\/\/amapapou.fr\/wp-content\/uploads\/2020\/02\/fromentellerie1.jpg 2048w\" sizes=\"auto, (max-width: 300px) 100vw, 300px\" \/><\/figure>\n<\/div>\n\n\n<p class=\"has-background has-luminous-vivid-amber-background-color has-medium-font-size\">Livrer aux adh\u00e9rents des produits certifi\u00e9s bio, de qualit\u00e9, frais, issus de sa production et transform\u00e9s \u00e0 la ferme.<br>Informer r\u00e9guli\u00e8rement les adh\u00e9rents sur ses savoir-faire, pratiques, contraintes \u00e9conomiques, \u00e9cologiques et sociales.<br>\u00catre transparent sur la gestion de son exploitation<\/p>\n\n\n\n<h2><span style=\"color: #993300;\">Les Formules propos\u00e9es<\/span><\/h2>\n\n\n\n<p class=\"has-luminous-vivid-amber-background-color has-background has-medium-font-size\">L\u2019adh\u00e9rent compose le contenu de ses cagettes laiti\u00e8res en d\u00e9but de contrat en compl\u00e9tant le tableau ci-dessous. <br>Il a le choix de constituer diff\u00e9remment la Cagette A et la Cagette B. Le contenu restera le m\u00eame jusqu\u2019au nouveau contrat.<\/p>\n\n\n\n<figure class=\"wp-block-image size-large\"><img decoding=\"async\" src=\"https:\/\/amapapou.fr\/wp-content\/uploads\/2021\/02\/COPIE-ECRANT-TARIFS-PRODUITS-LAITIERS-MAI-OCTOBRE-2021.jpg\" alt=\"\" class=\"wp-image-1227\"\/><\/figure>\n\n\n\n<h3 class=\"has-vivid-red-color has-text-color\"><span style=\"color: #800000;\">Modalit\u00e9s de livraison<\/span><\/h3>\n\n\n\n<p class=\"has-luminous-vivid-amber-background-color has-background has-medium-font-size\">La livraison et la distribution des produits laitiers se d\u00e9roulera un vendredi soir sur 2 de 18h30 \u00e0 20h au 7 rue du Bois de Bray \u00e0 LIEUSAINT. (Semaines impaires)<\/p>\n\n\n\n<p><\/p>\n\n\n\n<h4>&nbsp;<\/h4>\n\n\n\n<figure class=\"wp-block-image size-large\"><img decoding=\"async\" src=\"https:\/\/amapapou.fr\/wp-content\/uploads\/2020\/09\/Contrat-Fromentellerie-automne-hiver-2020-1.docx\" alt=\"\" class=\"wp-image-940\"\/><\/figure>\n\n\n\n<p><\/p>\n","protected":false},"excerpt":{"rendered":"<p>Livrer aux adh\u00e9rents des produits certifi\u00e9s bio, de qualit\u00e9, frais, issus de sa production et transform\u00e9s \u00e0 la ferme.Informer r\u00e9guli\u00e8rement les adh\u00e9rents sur ses savoir-faire, pratiques, contraintes \u00e9conomiques, \u00e9cologiques et sociales.\u00catre transparent sur la gestion de son exploitation Les Formules propos\u00e9es L\u2019adh\u00e9rent compose le contenu&nbsp;<a class=\"read-more\" href=\"https:\/\/amapapou.fr\/?page_id=66\">&hellip;<\/a><\/p>\n","protected":false},"author":1,"featured_media":0,"parent":0,"menu_order":0,"comment_status":"closed","ping_status":"closed","template":"","meta":{"ngg_post_thumbnail":0,"footnotes":""},"class_list":["post-66","page","type-page","status-publish","hentry"],"_links":{"self":[{"href":"https:\/\/amapapou.fr\/index.php?rest_route=\/wp\/v2\/pages\/66","targetHints":{"allow":["GET"]}}],"collection":[{"href":"https:\/\/amapapou.fr\/index.php?rest_route=\/wp\/v2\/pages"}],"about":[{"href":"https:\/\/amapapou.fr\/index.php?rest_route=\/wp\/v2\/types\/page"}],"author":[{"embeddable":true,"href":"https:\/\/amapapou.fr\/index.php?rest_route=\/wp\/v2\/users\/1"}],"replies":[{"embeddable":true,"href":"https:\/\/amapapou.fr\/index.php?rest_route=%2Fwp%2Fv2%2Fcomments&post=66"}],"version-history":[{"count":66,"href":"https:\/\/amapapou.fr\/index.php?rest_route=\/wp\/v2\/pages\/66\/revisions"}],"predecessor-version":[{"id":1415,"href":"https:\/\/amapapou.fr\/index.php?rest_route=\/wp\/v2\/pages\/66\/revisions\/1415"}],"wp:attachment":[{"href":"https:\/\/amapapou.fr\/index.php?rest_route=%2Fwp%2Fv2%2Fmedia&parent=66"}],"curies":[{"name":"wp","href":"https:\/\/api.w.org\/{rel}","templated":true}]}}