{"id":649,"date":"2020-02-22T16:30:04","date_gmt":"2020-02-22T16:30:04","guid":{"rendered":"https:\/\/amapapou.fr\/?page_id=649"},"modified":"2024-08-16T09:16:19","modified_gmt":"2024-08-16T09:16:19","slug":"contrat-pain","status":"publish","type":"page","link":"https:\/\/amapapou.fr\/?page_id=649","title":{"rendered":"Contrat pain et brioche"},"content":{"rendered":"\n<p class=\"has-black-color has-text-color has-background has-medium-font-size\" style=\"background-color:#fde092\">Le contrat pain est actif tout au long de l&#8217;ann\u00e9e, avec une distribution par semaine. L&#8217;ensemble des pains sont fabriqu\u00e9s \u00e0 partir de la farine du m\u00eame contrat que celui propos\u00e9 par nos producteurs, favorisant ainsi les circuits courts et la coop\u00e9ration entre producteurs.                                                                                                     Deux formules sont propos\u00e9es, au choix avec :  une ronde des pains vous proposant chaque semaine un pain diff\u00e9rent parmi ceux list\u00e9s ci-dessous, ou au choix avec le m\u00eame pain distribu\u00e9 chaque semaine. Vous pouvez bien entendu mixer les deux approches.<\/p>\n\n\n\n<p><\/p>\n\n\n\n<p class=\"has-black-color has-text-color has-background has-medium-font-size\" style=\"background-color:#fde092\">Est \u00e9galement propos\u00e9 un contrat brioche avec une livraison par semaine d&#8217;une brioche de 500g<\/p>\n\n\n\n<p><\/p>\n\n\n\n<p><a href=\"https:\/\/amapapou.fr\/wp-content\/uploads\/2020\/09\/Amap-contrat-pain-3.docx\"><\/a><\/p>\n\n\n\n<h3 class=\"wp-block-heading\"><strong><em>Les types de pains propos\u00e9s<\/em><\/strong><\/h3>\n\n\n\n<p class=\"has-black-color has-text-color has-background has-medium-font-size\" style=\"background-color:#fde092\">Pain Bis (demi-complet farine T80) =&gt; au choix<br>Complet (enrichi au levain de son)  =&gt; au choix                                                                           Pain au Miel =&gt; ronde des pains uniquement                                                                                                               Pain aux noix  =&gt; ronde des pains uniquement et selon disponibilit\u00e9 des noix Bio                                                                                                            Graines de lins (demi-complet,  aux graines de lins bruns et dor\u00e9s)  =&gt; au choix                                                                            <br>Tourte 100 % seigle  =&gt; ronde des pains uniquement  <br>Grand \u00e9peautre(Oberkulmer)  =&gt;  ronde des pains uniquement      <br>Petit \u00e9peautre moul\u00e9  =&gt; au choix    <\/p>\n\n\n\n\n\n<h3>&nbsp;<\/h3>\n","protected":false},"excerpt":{"rendered":"<p>Le contrat pain est actif tout au long de l&#8217;ann\u00e9e, avec une distribution par semaine. L&#8217;ensemble des pains sont fabriqu\u00e9s \u00e0 partir de la farine du m\u00eame contrat que celui propos\u00e9 par nos producteurs, favorisant ainsi les circuits courts et la coop\u00e9ration entre producteurs. Deux&nbsp;<a class=\"read-more\" href=\"https:\/\/amapapou.fr\/?page_id=649\">&hellip;<\/a><\/p>\n","protected":false},"author":1,"featured_media":0,"parent":0,"menu_order":0,"comment_status":"closed","ping_status":"closed","template":"","meta":{"ngg_post_thumbnail":0,"footnotes":""},"class_list":["post-649","page","type-page","status-publish","hentry"],"_links":{"self":[{"href":"https:\/\/amapapou.fr\/index.php?rest_route=\/wp\/v2\/pages\/649","targetHints":{"allow":["GET"]}}],"collection":[{"href":"https:\/\/amapapou.fr\/index.php?rest_route=\/wp\/v2\/pages"}],"about":[{"href":"https:\/\/amapapou.fr\/index.php?rest_route=\/wp\/v2\/types\/page"}],"author":[{"embeddable":true,"href":"https:\/\/amapapou.fr\/index.php?rest_route=\/wp\/v2\/users\/1"}],"replies":[{"embeddable":true,"href":"https:\/\/amapapou.fr\/index.php?rest_route=%2Fwp%2Fv2%2Fcomments&post=649"}],"version-history":[{"count":37,"href":"https:\/\/amapapou.fr\/index.php?rest_route=\/wp\/v2\/pages\/649\/revisions"}],"predecessor-version":[{"id":1388,"href":"https:\/\/amapapou.fr\/index.php?rest_route=\/wp\/v2\/pages\/649\/revisions\/1388"}],"wp:attachment":[{"href":"https:\/\/amapapou.fr\/index.php?rest_route=%2Fwp%2Fv2%2Fmedia&parent=649"}],"curies":[{"name":"wp","href":"https:\/\/api.w.org\/{rel}","templated":true}]}}