{"id":64,"date":"2020-02-10T22:47:18","date_gmt":"2020-02-10T22:47:18","guid":{"rendered":"http:\/\/s816601596.onlinehome.fr\/?page_id=64"},"modified":"2024-08-17T13:44:09","modified_gmt":"2024-08-17T13:44:09","slug":"contrat-legumes","status":"publish","type":"page","link":"https:\/\/amapapou.fr\/?page_id=64","title":{"rendered":"Contrat l\u00e9gumes"},"content":{"rendered":"<div class=\"wp-block-image is-style-circle-mask\">\n<figure class=\"alignleft\"><img loading=\"lazy\" decoding=\"async\" width=\"300\" height=\"225\" src=\"https:\/\/amapapou.fr\/wp-content\/uploads\/2020\/02\/maraicher6.jpg-300x225.png\" alt=\"\" class=\"wp-image-292\" srcset=\"https:\/\/amapapou.fr\/wp-content\/uploads\/2020\/02\/maraicher6.jpg-300x225.png 300w, https:\/\/amapapou.fr\/wp-content\/uploads\/2020\/02\/maraicher6.jpg.png 640w\" sizes=\"auto, (max-width: 300px) 100vw, 300px\" \/><\/figure>\n<\/div>\n\n\n<p class=\"has-background has-medium-font-size has-pale-cyan-blue-background-color\">L\u2019EARL Chaillois Gam\u00e9 s\u2019engage \u00e0 livrer des l\u00e9gumes issus de l\u2019Agriculture Biologique certifi\u00e9s<br>par Bureau Veritas. Selon les orientations techniques de production d\u00e9cid\u00e9es au sein des associations et selon les disponibilit\u00e9s de semences. L\u2019emploi de vari\u00e9t\u00e9s \u00e0 bonne valeur gustative est privil\u00e9gi\u00e9 sur celles offrant d\u2019autres caract\u00e9ristiques li\u00e9es \u00e0 la productivit\u00e9.<\/p>\n\n\n\n<h3><strong><span style=\"color: #3366ff;\">Les formules propos\u00e9es<\/span><\/strong><\/h3>\n\n\n<div class=\"wp-block-image size-medium wp-image-308\">\n<figure class=\"alignleft is-resized\"><img loading=\"lazy\" decoding=\"async\" width=\"226\" height=\"300\" src=\"https:\/\/amapapou.fr\/wp-content\/uploads\/2020\/02\/maraicher7-2-226x300.jpg\" alt=\"\" class=\"wp-image-308\" style=\"width:156px;height:206px\" srcset=\"https:\/\/amapapou.fr\/wp-content\/uploads\/2020\/02\/maraicher7-2-226x300.jpg 226w, https:\/\/amapapou.fr\/wp-content\/uploads\/2020\/02\/maraicher7-2.jpg 536w\" sizes=\"auto, (max-width: 226px) 100vw, 226px\" \/><\/figure>\n<\/div>\n\n\n<p class=\"has-background has-medium-font-size has-pale-cyan-blue-background-color\">Le panier est la formule de r\u00e9f\u00e9rence. Je peux choisir de m&#8217;abonner pour un panier ou un demi panier. Le poids du panier de r\u00e9f\u00e9rence est en moyenne de 6kg et compos\u00e9 d&#8217;au moins 7 produits diff\u00e9rents. <br>L\u2019EARL Chaillois Gam\u00e9 d\u00e9termine pour chaque semaine le contenu du panier. Je constitue moi-m\u00eame mon panier ou mon demi-panier selon l\u2019affichage sur le lieu de livraison comme ci-contre.                                                    <\/p>\n\n\n\n\n\n<h3><strong><span style=\"color: #3366ff;\">Modalit\u00e9s de livraison<\/span><\/strong><\/h3>\n\n\n\n<div class=\"wp-block-group\"><div class=\"wp-block-group__inner-container is-layout-flow wp-block-group-is-layout-flow\">\n<p><\/p>\n<\/div><\/div>\n\n\n<div class=\"wp-block-image is-style-circle-mask\">\n<figure class=\"alignleft\"><img loading=\"lazy\" decoding=\"async\" width=\"150\" height=\"150\" src=\"https:\/\/amapapou.fr\/wp-content\/uploads\/2020\/02\/maraicher7-6-150x150.jpg\" alt=\"\" class=\"wp-image-312\"\/><\/figure>\n<\/div>\n\n<div class=\"wp-block-image is-style-circle-mask\">\n<figure class=\"alignleft\"><img loading=\"lazy\" decoding=\"async\" width=\"150\" height=\"150\" src=\"https:\/\/amapapou.fr\/wp-content\/uploads\/2020\/02\/maraicher7-5-150x150.jpg\" alt=\"\" class=\"wp-image-311\"\/><\/figure>\n<\/div>\n\n<div class=\"wp-block-image is-style-circle-mask\">\n<figure class=\"alignleft\"><img loading=\"lazy\" decoding=\"async\" width=\"150\" height=\"150\" src=\"https:\/\/amapapou.fr\/wp-content\/uploads\/2020\/02\/maraicher7-4-150x150.jpg\" alt=\"\" class=\"wp-image-310\"\/><\/figure>\n<\/div>\n\n<div class=\"wp-block-image is-style-circle-mask\">\n<figure class=\"alignleft\"><img loading=\"lazy\" decoding=\"async\" width=\"150\" height=\"150\" src=\"https:\/\/amapapou.fr\/wp-content\/uploads\/2020\/02\/maraicher7-3-150x150.jpg\" alt=\"\" class=\"wp-image-309\"\/><\/figure>\n<\/div>\n\n\n<p class=\"has-pale-cyan-blue-background-color has-background has-medium-font-size\">Le r\u00e8glement se fait uniquement par ch\u00e8que, \u00e0 l\u2019ordre de \u00ab EARL CHAILLOIS GAME \u00bb.<br>Le ou les ch\u00e8ques sont remis au responsable de la collecte des ch\u00e8ques de l\u2019association \u00e0 laquelle l\u2019abonn\u00e9 est adh\u00e9rent, ceci le jour de la signature du contrat.<br>Voir le contrat pour plus de pr\u00e9cision.<\/p>\n\n\n\n<p class=\"has-vivid-red-color has-text-color has-medium-font-size\"><\/p>\n","protected":false},"excerpt":{"rendered":"<p>L\u2019EARL Chaillois Gam\u00e9 s\u2019engage \u00e0 livrer des l\u00e9gumes issus de l\u2019Agriculture Biologique certifi\u00e9spar Bureau Veritas. Selon les orientations techniques de production d\u00e9cid\u00e9es au sein des associations et selon les disponibilit\u00e9s de semences. L\u2019emploi de vari\u00e9t\u00e9s \u00e0 bonne valeur gustative est privil\u00e9gi\u00e9 sur celles offrant d\u2019autres&nbsp;<a class=\"read-more\" href=\"https:\/\/amapapou.fr\/?page_id=64\">&hellip;<\/a><\/p>\n","protected":false},"author":1,"featured_media":0,"parent":0,"menu_order":0,"comment_status":"closed","ping_status":"closed","template":"","meta":{"ngg_post_thumbnail":0,"footnotes":""},"class_list":["post-64","page","type-page","status-publish","hentry"],"_links":{"self":[{"href":"https:\/\/amapapou.fr\/index.php?rest_route=\/wp\/v2\/pages\/64","targetHints":{"allow":["GET"]}}],"collection":[{"href":"https:\/\/amapapou.fr\/index.php?rest_route=\/wp\/v2\/pages"}],"about":[{"href":"https:\/\/amapapou.fr\/index.php?rest_route=\/wp\/v2\/types\/page"}],"author":[{"embeddable":true,"href":"https:\/\/amapapou.fr\/index.php?rest_route=\/wp\/v2\/users\/1"}],"replies":[{"embeddable":true,"href":"https:\/\/amapapou.fr\/index.php?rest_route=%2Fwp%2Fv2%2Fcomments&post=64"}],"version-history":[{"count":63,"href":"https:\/\/amapapou.fr\/index.php?rest_route=\/wp\/v2\/pages\/64\/revisions"}],"predecessor-version":[{"id":1416,"href":"https:\/\/amapapou.fr\/index.php?rest_route=\/wp\/v2\/pages\/64\/revisions\/1416"}],"wp:attachment":[{"href":"https:\/\/amapapou.fr\/index.php?rest_route=%2Fwp%2Fv2%2Fmedia&parent=64"}],"curies":[{"name":"wp","href":"https:\/\/api.w.org\/{rel}","templated":true}]}}