{"id":54,"date":"2020-02-10T22:31:13","date_gmt":"2020-02-10T22:31:13","guid":{"rendered":"http:\/\/s816601596.onlinehome.fr\/?page_id=54"},"modified":"2024-08-17T13:41:05","modified_gmt":"2024-08-17T13:41:05","slug":"les-maraichers","status":"publish","type":"page","link":"https:\/\/amapapou.fr\/?page_id=54","title":{"rendered":"Les mara\u00eechers et la Ferme du Chaillois Gam\u00e9"},"content":{"rendered":"\n<figure class=\"wp-block-image\"><a href=\"https:\/\/amapapou.fr\/wp-content\/uploads\/2020\/02\/La-ferme-du-Chaillois.jpg\"><img loading=\"lazy\" decoding=\"async\" width=\"1024\" height=\"217\" src=\"http:\/\/s816601596.onlinehome.fr\/wp-content\/uploads\/2020\/02\/La-ferme-du-Chaillois-1024x217.jpg\" alt=\"\" class=\"wp-image-402\" srcset=\"https:\/\/amapapou.fr\/wp-content\/uploads\/2020\/02\/La-ferme-du-Chaillois-1024x217.jpg 1024w, https:\/\/amapapou.fr\/wp-content\/uploads\/2020\/02\/La-ferme-du-Chaillois-300x63.jpg 300w, https:\/\/amapapou.fr\/wp-content\/uploads\/2020\/02\/La-ferme-du-Chaillois-768x162.jpg 768w, https:\/\/amapapou.fr\/wp-content\/uploads\/2020\/02\/La-ferme-du-Chaillois.jpg 1040w\" sizes=\"auto, (max-width: 1024px) 100vw, 1024px\" \/><\/a><\/figure>\n\n\n\n<p class=\"has-drop-cap has-luminous-vivid-amber-background-color has-background has-medium-font-size\">L&#8217;EARL Chaillois Gam\u00e9, autrement dit Anne Rollin, Florian Gam\u00e9 et Pascal Gam\u00e9, a commenc\u00e9 son partenariat avec l\u2019\u00e2me \u00e0 Papous en 2008-2009. <\/p>\n\n\n\n<p class=\"has-drop-cap has-luminous-vivid-amber-background-color has-background has-medium-font-size\">Anne et Florian travaillent avec 3 autres AMAP : \u00ab Le Clou de Girafe \u00bb, \u00ab Les P\u00e2tissons du Montois \u00bb et \u00ab Belles Fontaines de la Vall\u00e9e \u00bb, et nous livrent des l\u00e9gumes et de la farine issus de l&#8217;Agriculture Biologique certifi\u00e9s par Qualit\u00e9 France. Nous pouvons ainsi consommer des l\u00e9gumes de saison produits de mani\u00e8re \u00ab bio \u00bb et locaux et b\u00e9n\u00e9ficier d&#8217;une diversit\u00e9 de typologies de farine pour tous les go\u00fbts.<\/p>\n\n\n\n<div class=\"wp-block-group\"><div class=\"wp-block-group__inner-container is-layout-flow wp-block-group-is-layout-flow\">\n<p class=\"has-background has-luminous-vivid-amber-background-color has-medium-font-size\"><em>Et si vous \u00eates curieux d&#8217;en savoir plus, c&#8217;est<a href=\"http:\/\/chaillois.fr\/\"><span style=\"color: #ff0000;\"> ici.<\/span><\/a><\/em><\/p>\n<\/div><\/div>\n\n\n\n<div class=\"wp-block-group\"><div class=\"wp-block-group__inner-container is-layout-flow wp-block-group-is-layout-flow\"><\/div><\/div>\n","protected":false},"excerpt":{"rendered":"<p>L&#8217;EARL Chaillois Gam\u00e9, autrement dit Anne Rollin, Florian Gam\u00e9 et Pascal Gam\u00e9, a commenc\u00e9 son partenariat avec l\u2019\u00e2me \u00e0 Papous en 2008-2009. Anne et Florian travaillent avec 3 autres AMAP : \u00ab Le Clou de Girafe \u00bb, \u00ab Les P\u00e2tissons du Montois \u00bb et \u00ab&nbsp;<a class=\"read-more\" href=\"https:\/\/amapapou.fr\/?page_id=54\">&hellip;<\/a><\/p>\n","protected":false},"author":1,"featured_media":0,"parent":51,"menu_order":1,"comment_status":"closed","ping_status":"closed","template":"","meta":{"ngg_post_thumbnail":0,"footnotes":""},"class_list":["post-54","page","type-page","status-publish","hentry"],"_links":{"self":[{"href":"https:\/\/amapapou.fr\/index.php?rest_route=\/wp\/v2\/pages\/54","targetHints":{"allow":["GET"]}}],"collection":[{"href":"https:\/\/amapapou.fr\/index.php?rest_route=\/wp\/v2\/pages"}],"about":[{"href":"https:\/\/amapapou.fr\/index.php?rest_route=\/wp\/v2\/types\/page"}],"author":[{"embeddable":true,"href":"https:\/\/amapapou.fr\/index.php?rest_route=\/wp\/v2\/users\/1"}],"replies":[{"embeddable":true,"href":"https:\/\/amapapou.fr\/index.php?rest_route=%2Fwp%2Fv2%2Fcomments&post=54"}],"version-history":[{"count":18,"href":"https:\/\/amapapou.fr\/index.php?rest_route=\/wp\/v2\/pages\/54\/revisions"}],"predecessor-version":[{"id":1412,"href":"https:\/\/amapapou.fr\/index.php?rest_route=\/wp\/v2\/pages\/54\/revisions\/1412"}],"up":[{"embeddable":true,"href":"https:\/\/amapapou.fr\/index.php?rest_route=\/wp\/v2\/pages\/51"}],"wp:attachment":[{"href":"https:\/\/amapapou.fr\/index.php?rest_route=%2Fwp%2Fv2%2Fmedia&parent=54"}],"curies":[{"name":"wp","href":"https:\/\/api.w.org\/{rel}","templated":true}]}}