{"id":4,"date":"2020-02-10T21:38:06","date_gmt":"2020-02-10T21:38:06","guid":{"rendered":"http:\/\/s816601596.onlinehome.fr\/bienvenue-sur-http-s816601596-onlinehome-fr"},"modified":"2024-08-17T14:29:07","modified_gmt":"2024-08-17T14:29:07","slug":"bienvenue-sur-http-s816601596-onlinehome-fr","status":"publish","type":"page","link":"https:\/\/amapapou.fr\/","title":{"rendered":"Bienvenue sur le site de l&#8217;\u00c2me \u00e0 Papous &#8211; AMAP de Lieusaint"},"content":{"rendered":"\n<p class=\"has-text-align-center has-medium-font-size\"><\/p>\n\n\n<div class=\"wp-block-image\">\n<figure class=\"aligncenter size-full is-resized\"><img loading=\"lazy\" decoding=\"async\" width=\"2560\" height=\"1563\" src=\"https:\/\/amapapou.fr\/wp-content\/uploads\/2024\/08\/logo-2024-v2-scaled.jpg\" alt=\"\" class=\"wp-image-1401\" style=\"width:357px;height:auto\" srcset=\"https:\/\/amapapou.fr\/wp-content\/uploads\/2024\/08\/logo-2024-v2-scaled.jpg 2560w, https:\/\/amapapou.fr\/wp-content\/uploads\/2024\/08\/logo-2024-v2-300x183.jpg 300w, https:\/\/amapapou.fr\/wp-content\/uploads\/2024\/08\/logo-2024-v2-1024x625.jpg 1024w, https:\/\/amapapou.fr\/wp-content\/uploads\/2024\/08\/logo-2024-v2-768x469.jpg 768w, https:\/\/amapapou.fr\/wp-content\/uploads\/2024\/08\/logo-2024-v2-1536x938.jpg 1536w, https:\/\/amapapou.fr\/wp-content\/uploads\/2024\/08\/logo-2024-v2-2048x1250.jpg 2048w\" sizes=\"auto, (max-width: 2560px) 100vw, 2560px\" \/><\/figure>\n<\/div>\n\n\n<p><\/p>\n\n\n\n<p class=\"has-text-align-center has-pale-pink-background-color has-background has-medium-font-size\"><strong>Distributions chaque vendredi de 18h30 \u00e0 20h au <a href=\"https:\/\/maps.app.goo.gl\/Rsz1J3FMz8NLQBdbA\">7 rue du Bois du Bray 77127 Lieusaint<\/a><\/strong><\/p>\n\n\n\n<p><\/p>\n\n\n<p><!-- \/wp:post-content --><\/p>\n<p><!-- wp:paragraph {\"align\":\"left\",\"textColor\":\"black\",\"fontSize\":\"medium\"} --><\/p>\n<p class=\"has-text-align-left has-black-color has-text-color has-medium-font-size\" style=\"text-align: left;\"><strong><span class=\"tadv-background-color\">Cher visiteur, tu souhaites prendre soin de ta sant\u00e9 et de celle de tes proches, prendre soin de ceux qui nous nourrissent.<\/span> Alors&#8230; <\/strong><\/p>\n<p style=\"text-align: left;\"><!-- \/wp:paragraph --> <!-- wp:paragraph {\"align\":\"left\",\"textColor\":\"black\",\"fontSize\":\"medium\"} --><\/p>\n<p class=\"has-text-align-left has-black-color has-text-color has-medium-font-size\" style=\"text-align: left;\"><strong>Rejoins notre association qui te permettra de consommer des aliments de qualit\u00e9, de proximit\u00e9 tout en permettant \u00e0 nos agriculteurs et artisans de maintenir leur activit\u00e9.<\/strong><\/p>\n<p style=\"text-align: left;\"><!-- \/wp:paragraph --> <!-- wp:paragraph {\"align\":\"left\",\"textColor\":\"black\",\"fontSize\":\"medium\"} --><\/p>\n<p class=\"has-text-align-left has-black-color has-text-color has-medium-font-size\" style=\"text-align: left;\"><strong>Tu trouveras sur ce site web l&#8217;ensemble des informations essentielles pour avoir un premier aper\u00e7u des contrats que nous proposons et du lieu o\u00f9 nous effectuons les distributions.<\/strong><\/p>\n<p style=\"text-align: left;\"><!-- \/wp:paragraph --> <!-- wp:paragraph {\"align\":\"left\",\"textColor\":\"black\",\"fontSize\":\"medium\"} --><\/p>\n<p class=\"has-text-align-left has-black-color has-text-color has-medium-font-size\" style=\"text-align: left;\"><strong>Nous t&#8217;invitons \u00e0 parcourir les quelques informations sur nos contrats, et \u00e0 venir nous rencontrer directement sur notre lieu de distribution chaque vendredi o\u00f9 nous t&#8217;accueillerons \u00e0 bras ouvert pour r\u00e9pondre \u00e0 toutes tes questions, et pourquoi pas signer un premier contrat et engagement vis \u00e0 vis de notre association. En attendant n&#8217;h\u00e9site pas \u00e0 nous contacter par mail directement via le formulaire de contact.<\/strong><\/p>\n<p style=\"text-align: left;\"><!-- \/wp:paragraph --> <!-- wp:paragraph {\"align\":\"left\",\"textColor\":\"black\",\"fontSize\":\"medium\"} --><\/p>\n<p class=\"has-text-align-left has-black-color has-text-color has-medium-font-size\" style=\"text-align: left;\"><strong>N&#8217;h\u00e9site pas \u00e9galement \u00e0 prendre connaissance des textes fondateurs de notre AMAP dans le menu correspondant.<\/strong><\/p>\n<p><!-- \/wp:paragraph --><\/p>\n\n<!-- wp:paragraph -->\n<p><\/p>\n<!-- \/wp:paragraph -->","protected":false},"excerpt":{"rendered":"<p>Distributions chaque vendredi de 18h30 \u00e0 20h au 7 rue du Bois du Bray 77127 Lieusaint Cher visiteur, tu souhaites prendre soin de ta sant\u00e9 et de celle de tes proches, prendre soin de ceux qui nous nourrissent. Alors&#8230; Rejoins notre association qui te permettra&nbsp;<a class=\"read-more\" href=\"https:\/\/amapapou.fr\/\">&hellip;<\/a><\/p>\n","protected":false},"author":1,"featured_media":0,"parent":0,"menu_order":0,"comment_status":"closed","ping_status":"open","template":"","meta":{"ngg_post_thumbnail":0,"footnotes":""},"class_list":["post-4","page","type-page","status-publish","hentry"],"_links":{"self":[{"href":"https:\/\/amapapou.fr\/index.php?rest_route=\/wp\/v2\/pages\/4","targetHints":{"allow":["GET"]}}],"collection":[{"href":"https:\/\/amapapou.fr\/index.php?rest_route=\/wp\/v2\/pages"}],"about":[{"href":"https:\/\/amapapou.fr\/index.php?rest_route=\/wp\/v2\/types\/page"}],"author":[{"embeddable":true,"href":"https:\/\/amapapou.fr\/index.php?rest_route=\/wp\/v2\/users\/1"}],"replies":[{"embeddable":true,"href":"https:\/\/amapapou.fr\/index.php?rest_route=%2Fwp%2Fv2%2Fcomments&post=4"}],"version-history":[{"count":58,"href":"https:\/\/amapapou.fr\/index.php?rest_route=\/wp\/v2\/pages\/4\/revisions"}],"predecessor-version":[{"id":1459,"href":"https:\/\/amapapou.fr\/index.php?rest_route=\/wp\/v2\/pages\/4\/revisions\/1459"}],"wp:attachment":[{"href":"https:\/\/amapapou.fr\/index.php?rest_route=%2Fwp%2Fv2%2Fmedia&parent=4"}],"curies":[{"name":"wp","href":"https:\/\/api.w.org\/{rel}","templated":true}]}}