{"id":145,"date":"2020-02-11T21:53:57","date_gmt":"2020-02-11T21:53:57","guid":{"rendered":"http:\/\/s816601596.onlinehome.fr\/?page_id=145"},"modified":"2024-08-17T14:00:31","modified_gmt":"2024-08-17T14:00:31","slug":"informations-pratiques","status":"publish","type":"page","link":"https:\/\/amapapou.fr\/?page_id=145","title":{"rendered":"INFORMATIONS PRATIQUES"},"content":{"rendered":"\n<h3 class=\"western\" align=\"justify\"><b>Pour devenir adh\u00e9rent de l\u2019association&nbsp;:<\/b><\/h3>\n<p class=\"western\" align=\"justify\">Il est n\u00e9cessaire d\u2019acquitter une cotisation annuelle, comme pour toute association de loi 1901 : Son montant est vot\u00e9 chaque ann\u00e9e en assembl\u00e9e g\u00e9n\u00e9rale ordinaire.<\/p>\n<p class=\"western\" align=\"justify\">L\u2019ann\u00e9e consid\u00e9r\u00e9e est culturale (ni civile ni scolaire) et d\u00e9marre g\u00e9n\u00e9ralement vers avril\/mai pour s\u2019arr\u00eater fin mars de l&#8217;ann\u00e9e N+1. Cette p\u00e9riode peut diff\u00e9rer selon les produits souscrits.<\/p>\n<p class=\"western\" align=\"justify\">Le renouvellement d\u2019adh\u00e9sion se fait au moment de l\u2019assembl\u00e9e g\u00e9n\u00e9rale annuelle (d\u00e9but f\u00e9vrier) sauf pour les personnes qui rentreraient entre septembre et f\u00e9vrier : dans ce cas ,la 1\u00e8re adh\u00e9sion prise est valable jusqu\u2019\u00e0 la fin de l\u2019ann\u00e9e culturale suivante (d\u00e9cision du conseil administrateur de l\u2019association du 3 octobre 2014).<\/p>\n<h3 class=\"western\" align=\"justify\"><b>Les contrats<\/b><\/h3>\n<p class=\"western\" align=\"justify\">Chaque adh\u00e9rent passe le contrat qu\u2019il souhaite avec un(des) producteur(s) de fa\u00e7on individuelle.<\/p>\n<p class=\"western\" align=\"justify\">Le contrat est conclu au maximum pour une ann\u00e9e ou plusieurs semaines selon le contrat conclu et selon la charte des Amap, afin de cr\u00e9er un lien de solidarit\u00e9 entre consomm\u2019acteurs et producteurs car s\u2019engager dans une AMAP, c\u2019est :<\/p>\n<ul style=\"list-style-type: disc;\">\n<li class=\"western\">Partager les al\u00e9as ou les bienfaits de la production (mauvais temps, maladie ou abondance) : le contrat est conclu pour une ann\u00e9e. Le producteur est soutenu dans son activit\u00e9.<\/li>\n<li class=\"western\">Favoriser les circuits courts : directement du producteur au consommateur, sans interm\u00e9diaire.<\/li>\n<li class=\"western\">D\u00e9couvrir les conditions de productions en allant ponctuellement aider \u00e0 la ferme, visiter l\u2019exploitation lors des journ\u00e9es portes ouvertes&#8230;<\/li>\n<\/ul>\n<p class=\"western\" align=\"justify\">Les producteurs sont choisis par le conseil de l\u2019association dans une d\u00e9marche d\u2019agriculture non intensive, biologique et locale.<\/p>\n<h3 class=\"western\"><b>La vie associative&nbsp;: se r\u00e9unir pour partager<\/b><\/h3>\n<p class=\"western\" align=\"justify\">Une AMAP, c\u2019est aussi un esprit associatif et un engagement b\u00e9n\u00e9vole, les adh\u00e9rents organisent les distributions \u00e0 tour de r\u00f4le (minimum de 2 fois par an par adh\u00e9rent).<br>L\u2019association organise des moments de convivialit\u00e9, entretient un dialogue entre producteurs et consommateurs\u2026<br>Les adh\u00e9rents peuvent aussi contribuer aux conseils d\u2019administration \u00ab&nbsp;ouverts&nbsp;\u00bb&nbsp;: les d\u00e9cisions sont coll\u00e9giales et concert\u00e9es. Des propositions d\u2019animation peuvent \u00eatre soumises au conseil qui se r\u00e9unit environ une fois par trimestre.<\/p>\n<p class=\"western\" align=\"justify\"><b>En savoir plus&nbsp;:<\/b> n\u2019h\u00e9sitez pas \u00e0 venir lors des distributions du vendredi soir pour poser vos questions, voir les contenus des \u00ab&nbsp;paniers&nbsp;\u00bb, vous impr\u00e9gner de la vie de l\u2019association et rencontrer les producteurs pr\u00e9sents\u2026 A bient\u00f4t.<\/p>\n\n\n\n<h3><strong>Distributions chaque vendredi de 18h30 \u00e0 20h au <a href=\"https:\/\/maps.app.goo.gl\/Rsz1J3FMz8NLQBdbA\"><span style=\"color: #3366ff;\">7 rue du Bois du Bray 77127 Lieusaint<\/span><\/a><\/strong><\/h3>\n\n\n\n<p><\/p>\n\n\n\n<p><img loading=\"lazy\" decoding=\"async\" class=\"alignnone  wp-image-168\" src=\"http:\/\/s816601596.onlinehome.fr\/wp-content\/uploads\/2020\/02\/local-1-300x178.jpg\" alt=\"\" width=\"563\" height=\"334\" srcset=\"https:\/\/amapapou.fr\/wp-content\/uploads\/2020\/02\/local-1-300x178.jpg 300w, https:\/\/amapapou.fr\/wp-content\/uploads\/2020\/02\/local-1-768x455.jpg 768w, https:\/\/amapapou.fr\/wp-content\/uploads\/2020\/02\/local-1.jpg 809w\" sizes=\"auto, (max-width: 563px) 100vw, 563px\" \/><\/p>\n<p><img loading=\"lazy\" decoding=\"async\" class=\"alignnone  wp-image-169\" src=\"http:\/\/s816601596.onlinehome.fr\/wp-content\/uploads\/2020\/02\/local-2-300x179.jpg\" alt=\"\" width=\"561\" height=\"335\" srcset=\"https:\/\/amapapou.fr\/wp-content\/uploads\/2020\/02\/local-2-300x179.jpg 300w, https:\/\/amapapou.fr\/wp-content\/uploads\/2020\/02\/local-2-768x457.jpg 768w, https:\/\/amapapou.fr\/wp-content\/uploads\/2020\/02\/local-2.jpg 806w\" sizes=\"auto, (max-width: 561px) 100vw, 561px\" \/><\/p>\n<p><img loading=\"lazy\" decoding=\"async\" class=\"alignnone  wp-image-170\" src=\"http:\/\/s816601596.onlinehome.fr\/wp-content\/uploads\/2020\/02\/local-3-300x175.jpg\" alt=\"\" width=\"566\" height=\"330\" srcset=\"https:\/\/amapapou.fr\/wp-content\/uploads\/2020\/02\/local-3-300x175.jpg 300w, https:\/\/amapapou.fr\/wp-content\/uploads\/2020\/02\/local-3-768x449.jpg 768w, https:\/\/amapapou.fr\/wp-content\/uploads\/2020\/02\/local-3.jpg 809w\" sizes=\"auto, (max-width: 566px) 100vw, 566px\" \/><\/p>\n<p><img loading=\"lazy\" decoding=\"async\" class=\"alignnone  wp-image-171\" src=\"http:\/\/s816601596.onlinehome.fr\/wp-content\/uploads\/2020\/02\/local-4-300x178.jpg\" alt=\"\" width=\"563\" height=\"334\" srcset=\"https:\/\/amapapou.fr\/wp-content\/uploads\/2020\/02\/local-4-300x178.jpg 300w, https:\/\/amapapou.fr\/wp-content\/uploads\/2020\/02\/local-4-768x455.jpg 768w, https:\/\/amapapou.fr\/wp-content\/uploads\/2020\/02\/local-4.jpg 805w\" sizes=\"auto, (max-width: 563px) 100vw, 563px\" \/><\/p>\n\n\n\n<p><\/p>\n","protected":false},"excerpt":{"rendered":"<p>Pour devenir adh\u00e9rent de l\u2019association&nbsp;: Il est n\u00e9cessaire d\u2019acquitter une cotisation annuelle, comme pour toute association de loi 1901 : Son montant est vot\u00e9 chaque ann\u00e9e en assembl\u00e9e g\u00e9n\u00e9rale ordinaire. L\u2019ann\u00e9e consid\u00e9r\u00e9e est culturale (ni civile ni scolaire) et d\u00e9marre g\u00e9n\u00e9ralement vers avril\/mai pour s\u2019arr\u00eater&nbsp;<a class=\"read-more\" href=\"https:\/\/amapapou.fr\/?page_id=145\">&hellip;<\/a><\/p>\n","protected":false},"author":1,"featured_media":0,"parent":0,"menu_order":0,"comment_status":"closed","ping_status":"closed","template":"","meta":{"ngg_post_thumbnail":0,"footnotes":""},"class_list":["post-145","page","type-page","status-publish","hentry"],"_links":{"self":[{"href":"https:\/\/amapapou.fr\/index.php?rest_route=\/wp\/v2\/pages\/145","targetHints":{"allow":["GET"]}}],"collection":[{"href":"https:\/\/amapapou.fr\/index.php?rest_route=\/wp\/v2\/pages"}],"about":[{"href":"https:\/\/amapapou.fr\/index.php?rest_route=\/wp\/v2\/types\/page"}],"author":[{"embeddable":true,"href":"https:\/\/amapapou.fr\/index.php?rest_route=\/wp\/v2\/users\/1"}],"replies":[{"embeddable":true,"href":"https:\/\/amapapou.fr\/index.php?rest_route=%2Fwp%2Fv2%2Fcomments&post=145"}],"version-history":[{"count":40,"href":"https:\/\/amapapou.fr\/index.php?rest_route=\/wp\/v2\/pages\/145\/revisions"}],"predecessor-version":[{"id":1434,"href":"https:\/\/amapapou.fr\/index.php?rest_route=\/wp\/v2\/pages\/145\/revisions\/1434"}],"wp:attachment":[{"href":"https:\/\/amapapou.fr\/index.php?rest_route=%2Fwp%2Fv2%2Fmedia&parent=145"}],"curies":[{"name":"wp","href":"https:\/\/api.w.org\/{rel}","templated":true}]}}